{"id":133,"date":"2024-03-11T06:59:33","date_gmt":"2024-03-11T06:59:33","guid":{"rendered":"https:\/\/demo2wpopal.b-cdn.net\/lebagol\/?page_id=133"},"modified":"2024-12-06T15:03:06","modified_gmt":"2024-12-06T14:03:06","slug":"our-story","status":"publish","type":"page","link":"https:\/\/www.eisuru.com\/?page_id=133","title":{"rendered":"\u00dcber EISURU"},"content":{"rendered":"\t\t<div data-elementor-type=\"wp-page\" data-elementor-id=\"133\" class=\"elementor elementor-133\">\n\t\t\t\t<div class=\"elementor-element elementor-element-93ce20b e-con-full e-flex e-con e-parent\" data-id=\"93ce20b\" data-element_type=\"container\">\n\t\t<div class=\"elementor-element elementor-element-242fd75 e-con-full e-flex e-con e-child\" data-id=\"242fd75\" data-element_type=\"container\" data-settings=\"{&quot;background_background&quot;:&quot;classic&quot;}\">\n\t\t\t\t<div class=\"elementor-element elementor-element-d388365 elementor-widget elementor-widget-spacer\" data-id=\"d388365\" data-element_type=\"widget\" data-widget_type=\"spacer.default\">\n\t\t\t\t<div class=\"elementor-widget-container\">\n\t\t\t\t\t<div class=\"elementor-spacer\">\n\t\t\t<div class=\"elementor-spacer-inner\"><\/div>\n\t\t<\/div>\n\t\t\t\t<\/div>\n\t\t\t\t<\/div>\n\t\t\t\t<\/div>\n\t\t<div class=\"elementor-element elementor-element-299b8f3 e-con-full e-flex e-con e-child\" data-id=\"299b8f3\" data-element_type=\"container\">\n\t\t\t\t<div class=\"elementor-element elementor-element-cd4f9c9 elementor-widget elementor-widget-heading\" data-id=\"cd4f9c9\" data-element_type=\"widget\" data-widget_type=\"heading.default\">\n\t\t\t\t<div class=\"elementor-widget-container\">\n\t\t\t<span class=\"elementor-heading-title elementor-size-default\">\u00fcber uns <\/span>\t\t<\/div>\n\t\t\t\t<\/div>\n\t\t\t\t<div class=\"elementor-element elementor-element-a708d19 elementor-widget elementor-widget-heading\" data-id=\"a708d19\" data-element_type=\"widget\" data-widget_type=\"heading.default\">\n\t\t\t\t<div class=\"elementor-widget-container\">\n\t\t\t<h1 class=\"elementor-heading-title elementor-size-default\">WIR SIND\nEISURU!<\/h1>\t\t<\/div>\n\t\t\t\t<\/div>\n\t\t\t\t<div class=\"elementor-element elementor-element-863f787 elementor-widget elementor-widget-text-editor\" data-id=\"863f787\" data-element_type=\"widget\" data-widget_type=\"text-editor.default\">\n\t\t\t\t<div class=\"elementor-widget-container\">\n\t\t\t\t\t\t\t<p>Hinter der Marke <em>EISURU<\/em> stehen die Japanerin Takako Matsudaira, die in Tokio aufgewachsen ist, und ihr schwedischer Mann Martin aus Stockholm.<\/p><p>Als Takako nach Basel zog, stellte sie fest, dass es dort keine Gelateria gab. Also reiste sie nach Italien, um das Geheimnis des italienischen Eises zu ergr\u00fcnden. Sie verliebte sich in die Kunst der Eisherstellung und gr\u00fcndete schlie\u00dflich ihre eigene Marke <em>EISURU<\/em>, was auf Japanisch <span class=\"BxUVEf ILfuVd\" lang=\"de\"><span class=\"hgKElc\">\u00ab<\/span><\/span>lieben<span class=\"BxUVEf ILfuVd\" lang=\"de\"><span class=\"hgKElc\">\u00bb<\/span><\/span> bedeutet.<\/p><p>Takako hat inzwischen mehr als siebzig verschiedene Geschmacksrichtungen entwickelt, von denen t\u00e4glich zw\u00f6lf wechselnd angeboten werden. Einige dieser Aromen sind fast immer verf\u00fcgbar, w\u00e4hrend andere seltener auf der Karte erscheinen.<\/p><p>Takako experimentiert st\u00e4ndig und erschafft neue Kreationen, die stets auf reinen und nat\u00fcrlichen Zutaten basieren, von denen sie sich inspirieren l\u00e4sst. Mit viel Erfindungsreichtum kreiert sie originelle und ungew\u00f6hnliche Sorten wie Matcha (gr\u00fcner Tee), Hojicha (ger\u00f6steter gr\u00fcner Tee), Apfel-Shiso (mit Shiso aus dem eigenen Garten) und Kuro Goma (schwarzer Sesam) \u2013 inspiriert von Japan.<\/p><p>Dabei ist es ihr \u00e4u\u00dferst wichtig, ausschlie\u00dflich nat\u00fcrliche und frische Zutaten f\u00fcr ihr Eis und Sorbet zu verwenden, darunter frisch verarbeitete Fr\u00fcchte. K\u00fcnstliche Zus\u00e4tze kommen f\u00fcr sie niemals infrage. Jeder, der <em>EISURU<\/em>-Eis probiert, schmeckt sofort die hohe Qualit\u00e4t und Reinheit der verwendeten Zutaten.<\/p>\t\t\t\t\t\t<\/div>\n\t\t\t\t<\/div>\n\t\t\t\t<\/div>\n\t\t<div class=\"elementor-element elementor-element-5010eeb e-con-full elementor-hidden-tablet elementor-hidden-mobile_extra e-flex e-con e-child\" data-id=\"5010eeb\" data-element_type=\"container\" data-settings=\"{&quot;background_background&quot;:&quot;classic&quot;}\">\n\t\t\t\t<div class=\"elementor-element elementor-element-171158e elementor-widget elementor-widget-spacer\" data-id=\"171158e\" data-element_type=\"widget\" data-widget_type=\"spacer.default\">\n\t\t\t\t<div class=\"elementor-widget-container\">\n\t\t\t\t\t<div class=\"elementor-spacer\">\n\t\t\t<div class=\"elementor-spacer-inner\"><\/div>\n\t\t<\/div>\n\t\t\t\t<\/div>\n\t\t\t\t<\/div>\n\t\t\t\t<\/div>\n\t\t\t\t<\/div>\n\t\t<div class=\"elementor-element elementor-element-aacd476 e-con-full e-flex e-con e-parent\" data-id=\"aacd476\" data-element_type=\"container\">\n\t\t<div class=\"elementor-element elementor-element-0a6b41b e-con-full e-flex e-con e-child\" data-id=\"0a6b41b\" data-element_type=\"container\" data-settings=\"{&quot;background_background&quot;:&quot;classic&quot;}\">\n\t\t\t\t<div class=\"elementor-element elementor-element-cce22b4 elementor-widget elementor-widget-spacer\" data-id=\"cce22b4\" data-element_type=\"widget\" data-widget_type=\"spacer.default\">\n\t\t\t\t<div class=\"elementor-widget-container\">\n\t\t\t\t\t<div class=\"elementor-spacer\">\n\t\t\t<div class=\"elementor-spacer-inner\"><\/div>\n\t\t<\/div>\n\t\t\t\t<\/div>\n\t\t\t\t<\/div>\n\t\t\t\t<\/div>\n\t\t<div class=\"elementor-element elementor-element-6049205 e-con-full e-flex e-con e-child\" data-id=\"6049205\" data-element_type=\"container\">\n\t\t\t\t<div class=\"elementor-element elementor-element-2dc24d7 elementor-widget elementor-widget-heading\" data-id=\"2dc24d7\" data-element_type=\"widget\" data-widget_type=\"heading.default\">\n\t\t\t\t<div class=\"elementor-widget-container\">\n\t\t\t<span class=\"elementor-heading-title elementor-size-default\">INSTpiration aus der ganzen Welt<\/span>\t\t<\/div>\n\t\t\t\t<\/div>\n\t\t\t\t<div class=\"elementor-element elementor-element-30998e3 elementor-widget elementor-widget-text-editor\" data-id=\"30998e3\" data-element_type=\"widget\" data-widget_type=\"text-editor.default\">\n\t\t\t\t<div class=\"elementor-widget-container\">\n\t\t\t\t\t\t\t<p>Ihre Kreationen sind auch von der Schweiz, Italien und Schweden inspiriert: Von der Schweiz stammen etwa Sorten mit Toblerone, wilden Waldbeeren, Erdbeeren oder \u00c4pfeln aus der Region. Italienische Klassiker wie Tiramisu-Eis d\u00fcrfen ebenfalls nicht fehlen. Aus Schweden bringt Takako Einfl\u00fcsse wie schwedische Lebkuchen (Pfefferkekse) ein. Exotische Fr\u00fcchte wie Ananas, Maracuja oder Mango erg\u00e4nzen das vielseitige Angebot, und zur Kastanienzeit bieten die Marroni eine besondere Inspirationsquelle.<\/p>\t\t\t\t\t\t<\/div>\n\t\t\t\t<\/div>\n\t\t\t\t<\/div>\n\t\t<div class=\"elementor-element elementor-element-698d5b0 e-con-full elementor-hidden-tablet elementor-hidden-mobile_extra e-flex e-con e-child\" data-id=\"698d5b0\" data-element_type=\"container\" data-settings=\"{&quot;background_background&quot;:&quot;classic&quot;}\">\n\t\t\t\t<div class=\"elementor-element elementor-element-51fe417 elementor-widget elementor-widget-spacer\" data-id=\"51fe417\" data-element_type=\"widget\" data-widget_type=\"spacer.default\">\n\t\t\t\t<div class=\"elementor-widget-container\">\n\t\t\t\t\t<div class=\"elementor-spacer\">\n\t\t\t<div class=\"elementor-spacer-inner\"><\/div>\n\t\t<\/div>\n\t\t\t\t<\/div>\n\t\t\t\t<\/div>\n\t\t\t\t<\/div>\n\t\t\t\t<\/div>\n\t\t<div class=\"elementor-element elementor-element-23a9cd0 e-con-full e-flex e-con e-parent\" data-id=\"23a9cd0\" data-element_type=\"container\">\n\t\t<div class=\"elementor-element elementor-element-f04d225 e-con-full e-flex e-con e-child\" data-id=\"f04d225\" data-element_type=\"container\" data-settings=\"{&quot;background_background&quot;:&quot;classic&quot;}\">\n\t\t\t\t<div class=\"elementor-element elementor-element-4edcff1 elementor-widget elementor-widget-spacer\" data-id=\"4edcff1\" data-element_type=\"widget\" data-widget_type=\"spacer.default\">\n\t\t\t\t<div class=\"elementor-widget-container\">\n\t\t\t\t\t<div class=\"elementor-spacer\">\n\t\t\t<div class=\"elementor-spacer-inner\"><\/div>\n\t\t<\/div>\n\t\t\t\t<\/div>\n\t\t\t\t<\/div>\n\t\t\t\t<\/div>\n\t\t<div class=\"elementor-element elementor-element-ba63f8d e-con-full e-flex e-con e-child\" data-id=\"ba63f8d\" data-element_type=\"container\">\n\t\t\t\t<div class=\"elementor-element elementor-element-5ea52da elementor-widget elementor-widget-heading\" data-id=\"5ea52da\" data-element_type=\"widget\" data-widget_type=\"heading.default\">\n\t\t\t\t<div class=\"elementor-widget-container\">\n\t\t\t<span class=\"elementor-heading-title elementor-size-default\">auch in vegan!<\/span>\t\t<\/div>\n\t\t\t\t<\/div>\n\t\t\t\t<div class=\"elementor-element elementor-element-1d01b35 elementor-widget elementor-widget-text-editor\" data-id=\"1d01b35\" data-element_type=\"widget\" data-widget_type=\"text-editor.default\">\n\t\t\t\t<div class=\"elementor-widget-container\">\n\t\t\t\t\t\t\t<p>Auch veganes Eis wird t\u00e4glich angeboten, darunter Sorten wie Apfel-Shiso, Juicy Juicy Mango, Himmlische Himbeeren, Ananas, Kiwi, Maracuja, rote Erdbeeren, schwarzer Cassis, rosa Pfirsich, Aprikose oder Kaki und viele mehr!<\/p>\t\t\t\t\t\t<\/div>\n\t\t\t\t<\/div>\n\t\t\t\t<\/div>\n\t\t<div class=\"elementor-element elementor-element-78deab4 e-con-full elementor-hidden-tablet elementor-hidden-mobile_extra e-flex e-con e-child\" data-id=\"78deab4\" data-element_type=\"container\" data-settings=\"{&quot;background_background&quot;:&quot;classic&quot;}\">\n\t\t\t\t<div class=\"elementor-element elementor-element-a674760 elementor-widget elementor-widget-spacer\" data-id=\"a674760\" data-element_type=\"widget\" data-widget_type=\"spacer.default\">\n\t\t\t\t<div class=\"elementor-widget-container\">\n\t\t\t\t\t<div class=\"elementor-spacer\">\n\t\t\t<div class=\"elementor-spacer-inner\"><\/div>\n\t\t<\/div>\n\t\t\t\t<\/div>\n\t\t\t\t<\/div>\n\t\t\t\t<\/div>\n\t\t\t\t<\/div>\n\t\t\t\t<\/div>\n\t\t","protected":false},"excerpt":{"rendered":"<p>\u00fcber uns WIR SIND EISURU! Hinter der Marke EISURU stehen die Japanerin Takako Matsudaira, die in Tokio aufgewachsen ist, und ihr schwedischer Mann Martin aus Stockholm. Als Takako nach Basel zog, stellte sie fest, dass es dort keine Gelateria gab. Also reiste sie nach Italien, um das Geheimnis des italienischen Eises zu ergr\u00fcnden. Sie verliebte [&hellip;]<\/p>\n","protected":false},"author":1,"featured_media":0,"parent":0,"menu_order":0,"comment_status":"closed","ping_status":"closed","template":"template-homepage.php","meta":{"footnotes":""},"class_list":["post-133","page","type-page","status-publish","hentry"],"_links":{"self":[{"href":"https:\/\/www.eisuru.com\/index.php?rest_route=\/wp\/v2\/pages\/133","targetHints":{"allow":["GET"]}}],"collection":[{"href":"https:\/\/www.eisuru.com\/index.php?rest_route=\/wp\/v2\/pages"}],"about":[{"href":"https:\/\/www.eisuru.com\/index.php?rest_route=\/wp\/v2\/types\/page"}],"author":[{"embeddable":true,"href":"https:\/\/www.eisuru.com\/index.php?rest_route=\/wp\/v2\/users\/1"}],"replies":[{"embeddable":true,"href":"https:\/\/www.eisuru.com\/index.php?rest_route=%2Fwp%2Fv2%2Fcomments&post=133"}],"version-history":[{"count":24,"href":"https:\/\/www.eisuru.com\/index.php?rest_route=\/wp\/v2\/pages\/133\/revisions"}],"predecessor-version":[{"id":5758,"href":"https:\/\/www.eisuru.com\/index.php?rest_route=\/wp\/v2\/pages\/133\/revisions\/5758"}],"wp:attachment":[{"href":"https:\/\/www.eisuru.com\/index.php?rest_route=%2Fwp%2Fv2%2Fmedia&parent=133"}],"curies":[{"name":"wp","href":"https:\/\/api.w.org\/{rel}","templated":true}]}}