{"id":127,"date":"2024-03-11T06:58:08","date_gmt":"2024-03-11T06:58:08","guid":{"rendered":"https:\/\/demo2wpopal.b-cdn.net\/lebagol\/?page_id=127"},"modified":"2024-12-06T14:55:01","modified_gmt":"2024-12-06T13:55:01","slug":"home-4","status":"publish","type":"page","link":"https:\/\/www.eisuru.com\/","title":{"rendered":"Home"},"content":{"rendered":"\t\t<div data-elementor-type=\"wp-page\" data-elementor-id=\"127\" class=\"elementor elementor-127\">\n\t\t\t\t<div class=\"elementor-element elementor-element-94fd131 e-flex e-con-boxed e-con e-parent\" data-id=\"94fd131\" data-element_type=\"container\">\n\t\t\t\t\t<div class=\"e-con-inner\">\n\t\t\t\t<div class=\"elementor-element elementor-element-45737cd elementor-widget elementor-widget-heading\" data-id=\"45737cd\" data-element_type=\"widget\" data-widget_type=\"heading.default\">\n\t\t\t\t<div class=\"elementor-widget-container\">\n\t\t\t<h2 class=\"elementor-heading-title elementor-size-default\">EISURU<\/h2>\t\t<\/div>\n\t\t\t\t<\/div>\n\t\t\t\t\t<\/div>\n\t\t\t\t<\/div>\n\t\t<div class=\"elementor-element elementor-element-b994015 e-flex e-con-boxed e-con e-parent\" data-id=\"b994015\" data-element_type=\"container\">\n\t\t\t\t\t<div class=\"e-con-inner\">\n\t\t\t\t<div class=\"elementor-element elementor-element-f25bbd5 elementor-widget__width-inherit elementor-widget elementor-widget-video\" data-id=\"f25bbd5\" data-element_type=\"widget\" data-settings=\"{&quot;video_type&quot;:&quot;hosted&quot;,&quot;start&quot;:7,&quot;autoplay&quot;:&quot;yes&quot;,&quot;mute&quot;:&quot;yes&quot;,&quot;loop&quot;:&quot;yes&quot;}\" data-widget_type=\"video.default\">\n\t\t\t\t<div class=\"elementor-widget-container\">\n\t\t\t\t\t<div class=\"e-hosted-video elementor-wrapper elementor-open-inline\">\n\t\t\t\t\t<video class=\"elementor-video\" src=\"https:\/\/www.eisuru.com\/wp-content\/uploads\/2024\/09\/PRODUKTION_NEU.mp4#t=7\" autoplay=\"\" loop=\"\" muted=\"muted\" controlsList=\"nodownload\"><\/video>\n\t\t\t\t<\/div>\n\t\t\t\t<\/div>\n\t\t\t\t<\/div>\n\t\t\t\t\t<\/div>\n\t\t\t\t<\/div>\n\t\t<div class=\"elementor-element elementor-element-3b61738 e-flex e-con-boxed e-con e-parent\" data-id=\"3b61738\" data-element_type=\"container\">\n\t\t\t\t\t<div class=\"e-con-inner\">\n\t\t\t\t<div class=\"elementor-element elementor-element-c866b8e elementor-widget elementor-widget-heading\" data-id=\"c866b8e\" data-element_type=\"widget\" data-widget_type=\"heading.default\">\n\t\t\t\t<div class=\"elementor-widget-container\">\n\t\t\t<h2 class=\"elementor-heading-title elementor-size-default\">GELATO WITH LOVE.<\/h2>\t\t<\/div>\n\t\t\t\t<\/div>\n\t\t\t\t\t<\/div>\n\t\t\t\t<\/div>\n\t\t<div class=\"elementor-element elementor-element-9ff625f e-con-full e-flex e-con e-parent\" data-id=\"9ff625f\" data-element_type=\"container\">\n\t\t<div class=\"elementor-element elementor-element-a87f404 e-con-full pl-vw e-flex e-con e-child\" data-id=\"a87f404\" data-element_type=\"container\" data-settings=\"{&quot;background_background&quot;:&quot;classic&quot;}\">\n\t\t\t\t<div class=\"elementor-element elementor-element-c76c1a3 elementor-widget elementor-widget-heading\" data-id=\"c76c1a3\" data-element_type=\"widget\" data-widget_type=\"heading.default\">\n\t\t\t\t<div class=\"elementor-widget-container\">\n\t\t\t<p class=\"elementor-heading-title elementor-size-default\">MARKTHALLE BASEL <\/p>\t\t<\/div>\n\t\t\t\t<\/div>\n\t\t\t\t<div class=\"elementor-element elementor-element-03a4b66 elementor-widget__width-initial elementor-widget elementor-widget-heading\" data-id=\"03a4b66\" data-element_type=\"widget\" data-widget_type=\"heading.default\">\n\t\t\t\t<div class=\"elementor-widget-container\">\n\t\t\t<h2 class=\"elementor-heading-title elementor-size-default\">KOMM VORBEI!<\/h2>\t\t<\/div>\n\t\t\t\t<\/div>\n\t\t<div class=\"elementor-element elementor-element-72c39b7 e-flex e-con-boxed e-con e-child\" data-id=\"72c39b7\" data-element_type=\"container\" data-settings=\"{&quot;background_background&quot;:&quot;classic&quot;}\">\n\t\t\t\t\t<div class=\"e-con-inner\">\n\t\t\t\t<div class=\"elementor-element elementor-element-2c8c1a2 elementor-widget__width-initial elementor-widget elementor-widget-text-editor\" data-id=\"2c8c1a2\" data-element_type=\"widget\" data-widget_type=\"text-editor.default\">\n\t\t\t\t<div class=\"elementor-widget-container\">\n\t\t\t\t\t\t\t<p>Wir freuen uns Dich in der Markthalle begr\u00fcssen zu d\u00fcrfen!<\/p>\t\t\t\t\t\t<\/div>\n\t\t\t\t<\/div>\n\t\t\t\t\t<\/div>\n\t\t\t\t<\/div>\n\t\t\t\t<div class=\"elementor-element elementor-element-034132e elementor-position-left elementor-vertical-align-middle elementor-widget__width-initial elementor-mobile-position-left elementor-view-default elementor-widget elementor-widget-icon-box\" data-id=\"034132e\" data-element_type=\"widget\" data-widget_type=\"icon-box.default\">\n\t\t\t\t<div class=\"elementor-widget-container\">\n\t\t\t\t\t<div class=\"elementor-icon-box-wrapper\">\n\n\t\t\t\t\t\t<div class=\"elementor-icon-box-icon\">\n\t\t\t\t<span  class=\"elementor-icon elementor-animation-\">\n\t\t\t\t<svg aria-hidden=\"true\" class=\"e-font-icon-svg e-far-clock\" viewBox=\"0 0 512 512\" xmlns=\"http:\/\/www.w3.org\/2000\/svg\"><path d=\"M256 8C119 8 8 119 8 256s111 248 248 248 248-111 248-248S393 8 256 8zm0 448c-110.5 0-200-89.5-200-200S145.5 56 256 56s200 89.5 200 200-89.5 200-200 200zm61.8-104.4l-84.9-61.7c-3.1-2.3-4.9-5.9-4.9-9.7V116c0-6.6 5.4-12 12-12h32c6.6 0 12 5.4 12 12v141.7l66.8 48.6c5.4 3.9 6.5 11.4 2.6 16.8L334.6 349c-3.9 5.3-11.4 6.5-16.8 2.6z\"><\/path><\/svg>\t\t\t\t<\/span>\n\t\t\t<\/div>\n\t\t\t\n\t\t\t\t\t\t<div class=\"elementor-icon-box-content\">\n\n\t\t\t\t\t\t\t\t\t<h3 class=\"elementor-icon-box-title\">\n\t\t\t\t\t\t<span  >\n\t\t\t\t\t\t\t\u00d6FFNUNGSZEITEN\t\t\t\t\t\t<\/span>\n\t\t\t\t\t<\/h3>\n\t\t\t\t\n\t\t\t\t\t\t\t\t\t<p class=\"elementor-icon-box-description\">\n\t\t\t\t\t\tDienstag \u2013 Donnerstag: 12\u201316h \/ 18\u201322h\nFreitag und Samstag 12\u201322h\t\t\t\t\t<\/p>\n\t\t\t\t\n\t\t\t<\/div>\n\t\t\t\n\t\t<\/div>\n\t\t\t\t<\/div>\n\t\t\t\t<\/div>\n\t\t\t\t<div class=\"elementor-element elementor-element-cad7844 elementor-position-left elementor-vertical-align-middle elementor-widget__width-initial elementor-mobile-position-left elementor-view-default elementor-widget elementor-widget-icon-box\" data-id=\"cad7844\" data-element_type=\"widget\" data-widget_type=\"icon-box.default\">\n\t\t\t\t<div class=\"elementor-widget-container\">\n\t\t\t\t\t<div class=\"elementor-icon-box-wrapper\">\n\n\t\t\t\t\t\t<div class=\"elementor-icon-box-icon\">\n\t\t\t\t<a href=\"https:\/\/maps.app.goo.gl\/kF8iL6KjzLEGwXdM8\" class=\"elementor-icon elementor-animation-\" tabindex=\"-1\">\n\t\t\t\t<svg aria-hidden=\"true\" class=\"e-font-icon-svg e-fas-map-marker-alt\" viewBox=\"0 0 384 512\" xmlns=\"http:\/\/www.w3.org\/2000\/svg\"><path d=\"M172.268 501.67C26.97 291.031 0 269.413 0 192 0 85.961 85.961 0 192 0s192 85.961 192 192c0 77.413-26.97 99.031-172.268 309.67-9.535 13.774-29.93 13.773-39.464 0zM192 272c44.183 0 80-35.817 80-80s-35.817-80-80-80-80 35.817-80 80 35.817 80 80 80z\"><\/path><\/svg>\t\t\t\t<\/a>\n\t\t\t<\/div>\n\t\t\t\n\t\t\t\t\t\t<div class=\"elementor-icon-box-content\">\n\n\t\t\t\t\n\t\t\t\t\t\t\t\t\t<p class=\"elementor-icon-box-description\">\n\t\t\t\t\t\tMarkthallen Basel, Steinentorberg 20, 4051 Basel\t\t\t\t\t<\/p>\n\t\t\t\t\n\t\t\t<\/div>\n\t\t\t\n\t\t<\/div>\n\t\t\t\t<\/div>\n\t\t\t\t<\/div>\n\t\t\t\t<\/div>\n\t\t<div class=\"elementor-element elementor-element-d36d6dc e-con-full e-flex e-con e-child\" data-id=\"d36d6dc\" data-element_type=\"container\" data-settings=\"{&quot;background_background&quot;:&quot;classic&quot;}\">\n\t\t\t\t<div class=\"elementor-element elementor-element-ab68d26 elementor-widget elementor-widget-spacer\" data-id=\"ab68d26\" data-element_type=\"widget\" data-widget_type=\"spacer.default\">\n\t\t\t\t<div class=\"elementor-widget-container\">\n\t\t\t\t\t<div class=\"elementor-spacer\">\n\t\t\t<div class=\"elementor-spacer-inner\"><\/div>\n\t\t<\/div>\n\t\t\t\t<\/div>\n\t\t\t\t<\/div>\n\t\t\t\t<\/div>\n\t\t\t\t<\/div>\n\t\t<div class=\"elementor-element elementor-element-3d7c925 e-flex e-con-boxed e-con e-parent\" data-id=\"3d7c925\" data-element_type=\"container\" data-settings=\"{&quot;background_background&quot;:&quot;classic&quot;}\">\n\t\t\t\t\t<div class=\"e-con-inner\">\n\t\t<div class=\"elementor-element elementor-element-cb47e73 e-flex e-con-boxed e-con e-child\" data-id=\"cb47e73\" data-element_type=\"container\">\n\t\t\t\t\t<div class=\"e-con-inner\">\n\t\t<div class=\"elementor-element elementor-element-c6e285e e-con-full e-flex e-con e-child\" data-id=\"c6e285e\" data-element_type=\"container\">\n\t\t\t\t<div class=\"elementor-element elementor-element-50df309 elementor-widget__width-initial elementor-widget elementor-widget-heading\" data-id=\"50df309\" data-element_type=\"widget\" data-widget_type=\"heading.default\">\n\t\t\t\t<div class=\"elementor-widget-container\">\n\t\t\t<h2 class=\"elementor-heading-title elementor-size-default\">ALLE LIEBEN EIS \u2013 NICHT NUR IM SOMMER!\n<\/h2>\t\t<\/div>\n\t\t\t\t<\/div>\n\t\t\t\t<\/div>\n\t\t<div class=\"elementor-element elementor-element-f5881d6 e-con-full e-flex e-con e-child\" data-id=\"f5881d6\" data-element_type=\"container\" data-settings=\"{&quot;background_background&quot;:&quot;classic&quot;}\">\n\t\t\t\t<div class=\"elementor-element elementor-element-710b471 elementor-widget__width-initial elementor-widget elementor-widget-text-editor\" data-id=\"710b471\" data-element_type=\"widget\" data-widget_type=\"text-editor.default\">\n\t\t\t\t<div class=\"elementor-widget-container\">\n\t\t\t\t\t\t\t<p>In der Markthalle in Basel findest du die Gelateria EISURU, die mit den schmackhaftesten und aufregendsten Aromen begeistert, die man sich nur vorstellen kann. Hier wird das Eis von EISURU hergestellt und verkauft. Doch das Angebot umfasst nicht nur Eis. In der gro\u00dfen Kaffee-Ecke kannst du auch leckere Eisbecher und Eiskaffee genie\u00dfen, ebenso wie Matcha Latte, Cold Brew und Affogato. Zudem gibt es kleine, hausgemachte Naschereien aus Japan und Schweden.<\/p>\t\t\t\t\t\t<\/div>\n\t\t\t\t<\/div>\n\t\t\t\t<\/div>\n\t\t\t\t\t<\/div>\n\t\t\t\t<\/div>\n\t\t\t\t\t<\/div>\n\t\t\t\t<\/div>\n\t\t<div class=\"elementor-element elementor-element-706ca6c e-grid e-con-full e-con e-parent\" data-id=\"706ca6c\" data-element_type=\"container\" data-settings=\"{&quot;background_background&quot;:&quot;classic&quot;}\">\n\t\t\t\t<div class=\"elementor-element elementor-element-0f5f0e3 elementor-widget elementor-widget-image\" data-id=\"0f5f0e3\" data-element_type=\"widget\" data-widget_type=\"image.default\">\n\t\t\t\t<div class=\"elementor-widget-container\">\n\t\t\t\t\t\t\t\t\t\t\t\t\t<img fetchpriority=\"high\" decoding=\"async\" width=\"900\" height=\"900\" src=\"https:\/\/www.eisuru.com\/wp-content\/uploads\/2024\/09\/Quadrat_4-1024x1024.png\" class=\"attachment-large size-large wp-image-5436\" alt=\"\" srcset=\"https:\/\/www.eisuru.com\/wp-content\/uploads\/2024\/09\/Quadrat_4-1024x1024.png 1024w, https:\/\/www.eisuru.com\/wp-content\/uploads\/2024\/09\/Quadrat_4-300x300.png 300w, https:\/\/www.eisuru.com\/wp-content\/uploads\/2024\/09\/Quadrat_4-150x150.png 150w, https:\/\/www.eisuru.com\/wp-content\/uploads\/2024\/09\/Quadrat_4-768x768.png 768w, https:\/\/www.eisuru.com\/wp-content\/uploads\/2024\/09\/Quadrat_4-450x450.png 450w, https:\/\/www.eisuru.com\/wp-content\/uploads\/2024\/09\/Quadrat_4-800x800.png 800w, https:\/\/www.eisuru.com\/wp-content\/uploads\/2024\/09\/Quadrat_4-100x100.png 100w, https:\/\/www.eisuru.com\/wp-content\/uploads\/2024\/09\/Quadrat_4-50x50.png 50w, https:\/\/www.eisuru.com\/wp-content\/uploads\/2024\/09\/Quadrat_4-600x600.png 600w, https:\/\/www.eisuru.com\/wp-content\/uploads\/2024\/09\/Quadrat_4-96x96.png 96w, https:\/\/www.eisuru.com\/wp-content\/uploads\/2024\/09\/Quadrat_4-460x460.png 460w, https:\/\/www.eisuru.com\/wp-content\/uploads\/2024\/09\/Quadrat_4.png 1386w\" sizes=\"(max-width: 900px) 100vw, 900px\" \/>\t\t\t\t\t\t\t\t\t\t\t\t\t<\/div>\n\t\t\t\t<\/div>\n\t\t\t\t<div class=\"elementor-element elementor-element-26162ee elementor-widget elementor-widget-image\" data-id=\"26162ee\" data-element_type=\"widget\" data-widget_type=\"image.default\">\n\t\t\t\t<div class=\"elementor-widget-container\">\n\t\t\t\t\t\t\t\t\t\t\t\t\t<img decoding=\"async\" width=\"657\" height=\"659\" src=\"https:\/\/www.eisuru.com\/wp-content\/uploads\/2024\/12\/Bildschirmfoto-2024-12-06-um-14.54.09.png\" class=\"attachment-large size-large wp-image-5740\" alt=\"\" srcset=\"https:\/\/www.eisuru.com\/wp-content\/uploads\/2024\/12\/Bildschirmfoto-2024-12-06-um-14.54.09.png 657w, https:\/\/www.eisuru.com\/wp-content\/uploads\/2024\/12\/Bildschirmfoto-2024-12-06-um-14.54.09-300x300.png 300w, https:\/\/www.eisuru.com\/wp-content\/uploads\/2024\/12\/Bildschirmfoto-2024-12-06-um-14.54.09-150x150.png 150w\" sizes=\"(max-width: 657px) 100vw, 657px\" \/>\t\t\t\t\t\t\t\t\t\t\t\t\t<\/div>\n\t\t\t\t<\/div>\n\t\t\t\t<div class=\"elementor-element elementor-element-b89827c elementor-widget elementor-widget-image\" data-id=\"b89827c\" data-element_type=\"widget\" data-widget_type=\"image.default\">\n\t\t\t\t<div class=\"elementor-widget-container\">\n\t\t\t\t\t\t\t\t\t\t\t\t\t<img decoding=\"async\" width=\"900\" height=\"900\" src=\"https:\/\/www.eisuru.com\/wp-content\/uploads\/2024\/09\/Quadrat_9-1024x1024.png\" class=\"attachment-large size-large wp-image-5441\" alt=\"\" srcset=\"https:\/\/www.eisuru.com\/wp-content\/uploads\/2024\/09\/Quadrat_9-1024x1024.png 1024w, https:\/\/www.eisuru.com\/wp-content\/uploads\/2024\/09\/Quadrat_9-300x300.png 300w, https:\/\/www.eisuru.com\/wp-content\/uploads\/2024\/09\/Quadrat_9-150x150.png 150w, https:\/\/www.eisuru.com\/wp-content\/uploads\/2024\/09\/Quadrat_9-768x768.png 768w, https:\/\/www.eisuru.com\/wp-content\/uploads\/2024\/09\/Quadrat_9-1536x1536.png 1536w, https:\/\/www.eisuru.com\/wp-content\/uploads\/2024\/09\/Quadrat_9-450x450.png 450w, https:\/\/www.eisuru.com\/wp-content\/uploads\/2024\/09\/Quadrat_9-800x800.png 800w, https:\/\/www.eisuru.com\/wp-content\/uploads\/2024\/09\/Quadrat_9-100x100.png 100w, https:\/\/www.eisuru.com\/wp-content\/uploads\/2024\/09\/Quadrat_9-50x50.png 50w, https:\/\/www.eisuru.com\/wp-content\/uploads\/2024\/09\/Quadrat_9-600x600.png 600w, https:\/\/www.eisuru.com\/wp-content\/uploads\/2024\/09\/Quadrat_9-96x96.png 96w, https:\/\/www.eisuru.com\/wp-content\/uploads\/2024\/09\/Quadrat_9-460x460.png 460w, https:\/\/www.eisuru.com\/wp-content\/uploads\/2024\/09\/Quadrat_9.png 1728w\" sizes=\"(max-width: 900px) 100vw, 900px\" \/>\t\t\t\t\t\t\t\t\t\t\t\t\t<\/div>\n\t\t\t\t<\/div>\n\t\t\t\t<\/div>\n\t\t<div class=\"elementor-element elementor-element-3c25e72 e-flex e-con-boxed e-con e-parent\" data-id=\"3c25e72\" data-element_type=\"container\" data-settings=\"{&quot;background_background&quot;:&quot;classic&quot;}\">\n\t\t\t\t\t<div class=\"e-con-inner\">\n\t\t<div class=\"elementor-element elementor-element-bf91bcf e-flex e-con-boxed e-con e-child\" data-id=\"bf91bcf\" data-element_type=\"container\">\n\t\t\t\t\t<div class=\"e-con-inner\">\n\t\t<div class=\"elementor-element elementor-element-a037464 e-con-full e-flex e-con e-child\" data-id=\"a037464\" data-element_type=\"container\">\n\t\t\t\t<div class=\"elementor-element elementor-element-d40c719 elementor-widget__width-initial elementor-widget elementor-widget-heading\" data-id=\"d40c719\" data-element_type=\"widget\" data-widget_type=\"heading.default\">\n\t\t\t\t<div class=\"elementor-widget-container\">\n\t\t\t<h2 class=\"elementor-heading-title elementor-size-default\">UNSER EIS\nOHNE ALLES ANDERE!\n<\/h2>\t\t<\/div>\n\t\t\t\t<\/div>\n\t\t\t\t<\/div>\n\t\t<div class=\"elementor-element elementor-element-d517254 e-con-full e-flex e-con e-child\" data-id=\"d517254\" data-element_type=\"container\" data-settings=\"{&quot;background_background&quot;:&quot;classic&quot;}\">\n\t\t\t\t<div class=\"elementor-element elementor-element-efa447d elementor-widget__width-initial elementor-widget elementor-widget-text-editor\" data-id=\"efa447d\" data-element_type=\"widget\" data-widget_type=\"text-editor.default\">\n\t\t\t\t<div class=\"elementor-widget-container\">\n\t\t\t\t\t\t\t<p>Die Liste der Zutaten in unseren Eissorten ist so kurz wie m\u00f6glich, um dem wahren Geschmack der Rohstoffe mehr Raum zu geben. Wasser f\u00fcr Sorbets, Milch f\u00fcr Cremes, Zucker, Proteine und pflanzliche Fasern: keine Zusatzstoffe, weder nat\u00fcrliche noch k\u00fcnstliche. <\/p>\t\t\t\t\t\t<\/div>\n\t\t\t\t<\/div>\n\t\t\t\t<\/div>\n\t\t\t\t\t<\/div>\n\t\t\t\t<\/div>\n\t\t\t\t\t<\/div>\n\t\t\t\t<\/div>\n\t\t<div class=\"elementor-element elementor-element-87a3fb2 e-grid e-con-full e-con e-parent\" data-id=\"87a3fb2\" data-element_type=\"container\" data-settings=\"{&quot;background_background&quot;:&quot;classic&quot;}\">\n\t\t\t\t<div class=\"elementor-element elementor-element-541a20b elementor-widget elementor-widget-image\" data-id=\"541a20b\" data-element_type=\"widget\" data-widget_type=\"image.default\">\n\t\t\t\t<div class=\"elementor-widget-container\">\n\t\t\t\t\t\t\t\t\t\t\t\t\t<img loading=\"lazy\" decoding=\"async\" width=\"900\" height=\"900\" src=\"https:\/\/www.eisuru.com\/wp-content\/uploads\/2024\/09\/Quadrat_10-1024x1024.png\" class=\"attachment-large size-large wp-image-5442\" alt=\"\" srcset=\"https:\/\/www.eisuru.com\/wp-content\/uploads\/2024\/09\/Quadrat_10-1024x1024.png 1024w, https:\/\/www.eisuru.com\/wp-content\/uploads\/2024\/09\/Quadrat_10-300x300.png 300w, https:\/\/www.eisuru.com\/wp-content\/uploads\/2024\/09\/Quadrat_10-150x150.png 150w, https:\/\/www.eisuru.com\/wp-content\/uploads\/2024\/09\/Quadrat_10-768x768.png 768w, https:\/\/www.eisuru.com\/wp-content\/uploads\/2024\/09\/Quadrat_10-450x450.png 450w, https:\/\/www.eisuru.com\/wp-content\/uploads\/2024\/09\/Quadrat_10-800x800.png 800w, https:\/\/www.eisuru.com\/wp-content\/uploads\/2024\/09\/Quadrat_10-100x100.png 100w, https:\/\/www.eisuru.com\/wp-content\/uploads\/2024\/09\/Quadrat_10-50x50.png 50w, https:\/\/www.eisuru.com\/wp-content\/uploads\/2024\/09\/Quadrat_10-600x600.png 600w, https:\/\/www.eisuru.com\/wp-content\/uploads\/2024\/09\/Quadrat_10-96x96.png 96w, https:\/\/www.eisuru.com\/wp-content\/uploads\/2024\/09\/Quadrat_10-460x460.png 460w, https:\/\/www.eisuru.com\/wp-content\/uploads\/2024\/09\/Quadrat_10.png 1530w\" sizes=\"(max-width: 900px) 100vw, 900px\" \/>\t\t\t\t\t\t\t\t\t\t\t\t\t<\/div>\n\t\t\t\t<\/div>\n\t\t\t\t<div class=\"elementor-element elementor-element-028795f elementor-widget elementor-widget-image\" data-id=\"028795f\" data-element_type=\"widget\" data-widget_type=\"image.default\">\n\t\t\t\t<div class=\"elementor-widget-container\">\n\t\t\t\t\t\t\t\t\t\t\t\t\t<img loading=\"lazy\" decoding=\"async\" width=\"900\" height=\"900\" src=\"https:\/\/www.eisuru.com\/wp-content\/uploads\/2024\/09\/Quadrat_5-1024x1024.png\" class=\"attachment-large size-large wp-image-5437\" alt=\"\" srcset=\"https:\/\/www.eisuru.com\/wp-content\/uploads\/2024\/09\/Quadrat_5-1024x1024.png 1024w, https:\/\/www.eisuru.com\/wp-content\/uploads\/2024\/09\/Quadrat_5-300x300.png 300w, https:\/\/www.eisuru.com\/wp-content\/uploads\/2024\/09\/Quadrat_5-150x150.png 150w, https:\/\/www.eisuru.com\/wp-content\/uploads\/2024\/09\/Quadrat_5-768x768.png 768w, https:\/\/www.eisuru.com\/wp-content\/uploads\/2024\/09\/Quadrat_5-450x450.png 450w, https:\/\/www.eisuru.com\/wp-content\/uploads\/2024\/09\/Quadrat_5-800x800.png 800w, https:\/\/www.eisuru.com\/wp-content\/uploads\/2024\/09\/Quadrat_5-100x100.png 100w, https:\/\/www.eisuru.com\/wp-content\/uploads\/2024\/09\/Quadrat_5-50x50.png 50w, https:\/\/www.eisuru.com\/wp-content\/uploads\/2024\/09\/Quadrat_5-600x600.png 600w, https:\/\/www.eisuru.com\/wp-content\/uploads\/2024\/09\/Quadrat_5-96x96.png 96w, https:\/\/www.eisuru.com\/wp-content\/uploads\/2024\/09\/Quadrat_5-460x460.png 460w, https:\/\/www.eisuru.com\/wp-content\/uploads\/2024\/09\/Quadrat_5.png 1365w\" sizes=\"(max-width: 900px) 100vw, 900px\" \/>\t\t\t\t\t\t\t\t\t\t\t\t\t<\/div>\n\t\t\t\t<\/div>\n\t\t\t\t<div class=\"elementor-element elementor-element-ad42843 elementor-widget elementor-widget-image\" data-id=\"ad42843\" data-element_type=\"widget\" data-widget_type=\"image.default\">\n\t\t\t\t<div class=\"elementor-widget-container\">\n\t\t\t\t\t\t\t\t\t\t\t\t\t<img loading=\"lazy\" decoding=\"async\" width=\"900\" height=\"900\" src=\"https:\/\/www.eisuru.com\/wp-content\/uploads\/2024\/09\/Quadrat_2-1024x1024.png\" class=\"attachment-large size-large wp-image-5434\" alt=\"\" srcset=\"https:\/\/www.eisuru.com\/wp-content\/uploads\/2024\/09\/Quadrat_2-1024x1024.png 1024w, https:\/\/www.eisuru.com\/wp-content\/uploads\/2024\/09\/Quadrat_2-300x300.png 300w, https:\/\/www.eisuru.com\/wp-content\/uploads\/2024\/09\/Quadrat_2-150x150.png 150w, https:\/\/www.eisuru.com\/wp-content\/uploads\/2024\/09\/Quadrat_2-768x768.png 768w, https:\/\/www.eisuru.com\/wp-content\/uploads\/2024\/09\/Quadrat_2-1536x1536.png 1536w, https:\/\/www.eisuru.com\/wp-content\/uploads\/2024\/09\/Quadrat_2-2048x2048.png 2048w, https:\/\/www.eisuru.com\/wp-content\/uploads\/2024\/09\/Quadrat_2-450x450.png 450w, https:\/\/www.eisuru.com\/wp-content\/uploads\/2024\/09\/Quadrat_2-800x800.png 800w, https:\/\/www.eisuru.com\/wp-content\/uploads\/2024\/09\/Quadrat_2-100x100.png 100w, https:\/\/www.eisuru.com\/wp-content\/uploads\/2024\/09\/Quadrat_2-50x50.png 50w, https:\/\/www.eisuru.com\/wp-content\/uploads\/2024\/09\/Quadrat_2-600x600.png 600w, https:\/\/www.eisuru.com\/wp-content\/uploads\/2024\/09\/Quadrat_2-96x96.png 96w, https:\/\/www.eisuru.com\/wp-content\/uploads\/2024\/09\/Quadrat_2-460x460.png 460w\" sizes=\"(max-width: 900px) 100vw, 900px\" \/>\t\t\t\t\t\t\t\t\t\t\t\t\t<\/div>\n\t\t\t\t<\/div>\n\t\t\t\t<\/div>\n\t\t<div class=\"elementor-element elementor-element-c2a7466 e-flex e-con-boxed e-con e-parent\" data-id=\"c2a7466\" data-element_type=\"container\" data-settings=\"{&quot;background_background&quot;:&quot;classic&quot;}\">\n\t\t\t\t\t<div class=\"e-con-inner\">\n\t\t<div class=\"elementor-element elementor-element-442bef2 e-flex e-con-boxed e-con e-child\" data-id=\"442bef2\" data-element_type=\"container\">\n\t\t\t\t\t<div class=\"e-con-inner\">\n\t\t<div class=\"elementor-element elementor-element-d5df7f3 e-con-full e-flex e-con e-child\" data-id=\"d5df7f3\" data-element_type=\"container\">\n\t\t\t\t<div class=\"elementor-element elementor-element-e401bb7 elementor-widget__width-initial elementor-widget elementor-widget-heading\" data-id=\"e401bb7\" data-element_type=\"widget\" data-widget_type=\"heading.default\">\n\t\t\t\t<div class=\"elementor-widget-container\">\n\t\t\t<h2 class=\"elementor-heading-title elementor-size-default\">\u00dcBER 80 SORTEN!\n\n<\/h2>\t\t<\/div>\n\t\t\t\t<\/div>\n\t\t\t\t<\/div>\n\t\t<div class=\"elementor-element elementor-element-b000c14 e-con-full e-flex e-con e-child\" data-id=\"b000c14\" data-element_type=\"container\" data-settings=\"{&quot;background_background&quot;:&quot;classic&quot;}\">\n\t\t\t\t<div class=\"elementor-element elementor-element-34a8e97 elementor-widget__width-initial elementor-widget elementor-widget-text-editor\" data-id=\"34a8e97\" data-element_type=\"widget\" data-widget_type=\"text-editor.default\">\n\t\t\t\t<div class=\"elementor-widget-container\">\n\t\t\t\t\t\t\t<p>Wir ein grosses Auswahl an Gelato-Sorten mit klassischen italienischen Geschm\u00e4cken wie Vanille und Tiramisu, aber auch exotische wie Mango und Maracuya. Besonders bekannt sind wir f\u00fcr unsere Japan inspirierte Geschm\u00e4cke wie den Besteseller Kuro-Goma Schwarzer Sesam oder Matcha, beide aus hochwertige Rohstoffe welche wir direkt aus Japan importieren.<\/p>\t\t\t\t\t\t<\/div>\n\t\t\t\t<\/div>\n\t\t\t\t<\/div>\n\t\t\t\t\t<\/div>\n\t\t\t\t<\/div>\n\t\t\t\t\t<\/div>\n\t\t\t\t<\/div>\n\t\t\t\t<\/div>\n\t\t","protected":false},"excerpt":{"rendered":"<p>EISURU https:\/\/www.eisuru.com\/wp-content\/uploads\/2024\/09\/PRODUKTION_NEU.mp4#t=7 GELATO WITH LOVE. MARKTHALLE BASEL KOMM VORBEI! Wir freuen uns Dich in der Markthalle begr\u00fcssen zu d\u00fcrfen! \u00d6FFNUNGSZEITEN Dienstag \u2013 Donnerstag: 12\u201316h \/ 18\u201322h Freitag und Samstag 12\u201322h Markthallen Basel, Steinentorberg 20, 4051 Basel ALLE LIEBEN EIS \u2013 NICHT NUR IM SOMMER! In der Markthalle in Basel findest du die Gelateria EISURU, die [&hellip;]<\/p>\n","protected":false},"author":1,"featured_media":0,"parent":0,"menu_order":0,"comment_status":"closed","ping_status":"closed","template":"template-homepage.php","meta":{"footnotes":""},"class_list":["post-127","page","type-page","status-publish","hentry"],"_links":{"self":[{"href":"https:\/\/www.eisuru.com\/index.php?rest_route=\/wp\/v2\/pages\/127","targetHints":{"allow":["GET"]}}],"collection":[{"href":"https:\/\/www.eisuru.com\/index.php?rest_route=\/wp\/v2\/pages"}],"about":[{"href":"https:\/\/www.eisuru.com\/index.php?rest_route=\/wp\/v2\/types\/page"}],"author":[{"embeddable":true,"href":"https:\/\/www.eisuru.com\/index.php?rest_route=\/wp\/v2\/users\/1"}],"replies":[{"embeddable":true,"href":"https:\/\/www.eisuru.com\/index.php?rest_route=%2Fwp%2Fv2%2Fcomments&post=127"}],"version-history":[{"count":64,"href":"https:\/\/www.eisuru.com\/index.php?rest_route=\/wp\/v2\/pages\/127\/revisions"}],"predecessor-version":[{"id":5769,"href":"https:\/\/www.eisuru.com\/index.php?rest_route=\/wp\/v2\/pages\/127\/revisions\/5769"}],"wp:attachment":[{"href":"https:\/\/www.eisuru.com\/index.php?rest_route=%2Fwp%2Fv2%2Fmedia&parent=127"}],"curies":[{"name":"wp","href":"https:\/\/api.w.org\/{rel}","templated":true}]}}